{"id":2775,"date":"2026-01-16T19:47:09","date_gmt":"2026-01-16T18:47:09","guid":{"rendered":"https:\/\/burrotrek.com\/privacy-statement-eu\/"},"modified":"2026-01-16T19:47:09","modified_gmt":"2026-01-16T18:47:09","slug":"privacy-statement-eu","status":"publish","type":"page","link":"https:\/\/burrotrek.com\/ca\/privacy-statement-eu\/","title":{"rendered":"Privacy Statement (EU)"},"content":{"rendered":"\n<!-- Legal document generated by Complianz | GDPR\/CCPA Cookie Consent https:\/\/wordpress.org\/plugins\/complianz-gdpr -->\n<div id=\"cmplz-document\" class=\"cmplz-document privacy-statement cmplz-document-eu\"><p><i>Aquesta declaraci\u00f3 de privadesa es va actualitzar per \u00faltima vegada el 8 de May de 2026 i s&#8217;aplica als ciutadans i residents permanents legals de l&#8217;Espai Econ\u00f2mic Europeu i Su\u00efssa.<\/i><br \/><br \/><\/p><p><p>En aquesta declaraci\u00f3 de privadesa, expliquem qu\u00e8 fem amb les dades que obtenim sobre vost\u00e8 a trav\u00e9s de <a href=\"https:\/\/burrotrek.com\/ca\/\">https:\/\/burrotrek.com\/ca\/<\/a>. Us recomanem que llegiu atentament aquesta declaraci\u00f3. En el nostre tractament complim amb els requisits de la legislaci\u00f3 de privadesa. Aix\u00f2 vol dir, entre altres coses, que:   <\/p><ul>\n                <li>indiquem clarament les finalitats per a les quals tractem les dades personals. Ho fem mitjan\u00e7ant aquesta declaraci\u00f3 de privadesa; <\/li>\n                <li>pretenem limitar la nostra recollida de dades personals nom\u00e9s a les dades personals necess\u00e0ries per a finalitats leg\u00edtimes;<\/li>\n                <li>primer demanem el vostre consentiment expl\u00edcit per tractar les vostres dades personals en els casos que requereixin el vostre consentiment;<\/li>\n                <li>prenem les mesures de seguretat adequades per protegir les vostres dades personals i tamb\u00e9 ho exigim a les parts que tracten dades personals en nom nostre;<\/li>\n                <li>respectem el teu dret a accedir a les teves dades personals o a fer-les corregir o suprimir, a petici\u00f3 teva.<\/li>\n            <\/ul><p>Si teniu cap pregunta o voleu saber exactament quines dades conservem de vosaltres, poseu-vos en contacte amb nosaltres.<\/p><\/p><h2>1. Finalitat, dades i per\u00edode de conservaci\u00f3<\/h2>Podem recopilar o rebre informaci\u00f3 personal per a una s\u00e8rie de finalitats relacionades amb les nostres operacions comercials, que poden incloure les seg\u00fcents: (feu clic per ampliar)<details class=\"cmplz-dropdown dropdown-privacy-statement\"><summary><div><h3>1.1 Contacte: per tel\u00e8fon, correu electr\u00f2nic, correu electr\u00f2nic i\/o formularis web<\/h3><\/div><\/summary><p class=\"cmplz-subtitle\">Amb aquesta finalitat utilitzem les seg\u00fcents dades:<\/p><p><ul><li>Un nom i cognom<\/li><li>Un domicili o una altra adre\u00e7a f\u00edsica, incl\u00f2s el nom del carrer i el nom d&#039;una ciutat o poble<\/li><li>Una adre\u00e7a de correu electr\u00f2nic<\/li><li>Un n\u00famero de tel\u00e8fon<\/li><li>Informaci\u00f3 de l&#039;activitat a Internet, incl\u00f2s, entre d&#039;altres, l&#039;historial de navegaci\u00f3, l&#039;historial de cerques i la informaci\u00f3 sobre la interacci\u00f3 d&#039;un consumidor amb un lloc web, aplicaci\u00f3 o anunci d&#039;Internet.<\/li><\/ul><\/p><p class=\"cmplz-subtitle\">La base sobre la qual podem tractar aquestes dades \u00e9s:<\/p><p><a target=\"_blank\" rel=\"noopener noreferrer nofollow\" href=\"https:\/\/cookiedatabase.org\/legal-bases\/#consent\">A la prestaci\u00f3 del consentiment.<\/a><\/p><p class=\"cmplz-subtitle\">Per\u00edode de retenci\u00f3<\/p><p>Conservem aquestes dades fins que finalitzi el servei.<\/p><\/details><h2>2. Galetes<\/h2><p>El nostre lloc web utilitza cookies. Per obtenir m\u00e9s informaci\u00f3 sobre les galetes, consulteu la nostra <a href=\"https:\/\/burrotrek.com\/ca\/politica-de-cookies-ue\/\">Pol\u00edtica de galetes<\/a>. &nbsp;<\/p><h2>3. Pr\u00e0ctiques de divulgaci\u00f3<\/h2><p><p>Revelem informaci\u00f3 personal si la llei o una ordre judicial ens ho exigeixen, en resposta a una ag\u00e8ncia d&#8217;aplicaci\u00f3 de la llei, en la mesura que ho permeten altres disposicions de la llei, per proporcionar informaci\u00f3 o per a una investigaci\u00f3 sobre una q\u00fcesti\u00f3 relacionada amb la seguretat p\u00fablica.<\/p><p>Si el nostre lloc web o organitzaci\u00f3 s&#8217;adquireix, ven o participa en una fusi\u00f3 o adquisici\u00f3, les vostres dades es poden revelar als nostres assessors i a qualsevol comprador potencial i es transmetran als nous propietaris.<\/p><\/p><h2>4. Seguretat<\/h2><p>Estem compromesos amb la seguretat de les dades personals. Prenem les mesures de seguretat adequades per limitar l&#8217;ab\u00fas i l&#8217;acc\u00e9s no autoritzat a les dades personals. Aix\u00f2 garanteix que nom\u00e9s les persones necess\u00e0ries tinguin acc\u00e9s a les vostres dades, que l&#8217;acc\u00e9s a les dades estigui protegit i que les nostres mesures de seguretat es revisen peri\u00f2dicament.  <\/p><h2>5. Llocs web de tercers<\/h2><p>Aquesta declaraci\u00f3 de privadesa no s&#8217;aplica als llocs web de tercers connectats mitjan\u00e7ant enlla\u00e7os al nostre lloc web. No podem garantir que aquests tercers gestionen les vostres dades personals d&#8217;una manera fiable o segura. Us recomanem que llegiu les declaracions de privadesa d&#8217;aquests llocs web abans de fer \u00fas d&#8217;aquests llocs web.  <\/p><h2>6. Esmenes a aquesta declaraci\u00f3 de privadesa<\/h2><p>Ens reservem el dret de fer esmenes a aquesta declaraci\u00f3 de privadesa. Es recomana que consulteu aquesta declaraci\u00f3 de privadesa peri\u00f2dicament per tal d&#8217;estar al corrent de qualsevol canvi. A m\u00e9s, us informarem activament sempre que sigui possible.  <\/p><h2>7. Acc\u00e9s i modificaci\u00f3 de les teves dades<\/h2><p>Si teniu cap pregunta o voleu saber quines dades personals tenim sobre vosaltres, poseu-vos en contacte amb nosaltres. Pots contactar amb nosaltres utilitzant la informaci\u00f3 seg\u00fcent. Teniu els seg\u00fcents drets:  <\/p><ul>\n                <li>Teniu dret a saber per qu\u00e8 es necessiten les vostres dades personals, qu\u00e8 hi passar\u00e0 i quant de temps es conservaran.<\/li>\n                <li>Dret d&#8217;acc\u00e9s: tens dret a accedir a les teves dades personals que coneixem.<\/li>\n                <li>Dret de rectificaci\u00f3: t\u00e9 dret a complementar, corregir, suprimir o bloquejar les seves dades personals sempre que ho desitgi.<\/li>\n                <li>Si ens doneu el vostre consentiment per tractar les vostres dades, teniu dret a revocar aquest consentiment i a que se suprimeixin les vostres dades personals.<\/li>\n                <li>Dret a cedir les seves dades: t\u00e9 dret a sol\u00b7licitar totes les seves dades personals al responsable del tractament i transferir-les \u00edntegrament a un altre responsable.<\/li>\n                <li>Dret d&#8217;oposici\u00f3: podeu oposar-vos al tractament de les vostres dades. Complim amb aix\u00f2, llevat que hi hagi motius justificats per al tractament. <\/li>\n            <\/ul><p>Si us plau, assegureu-vos d&#8217;indicar sempre clarament qui sou, de manera que puguem estar segurs que no modifiquem ni eliminem cap dada de la persona equivocada.<\/p><h2>8. Presentaci\u00f3 d&#039;una queixa<\/h2><p>Si no est\u00e0 satisfet amb la forma en qu\u00e8 tractem (una queixa sobre) el tractament de les seves dades personals, t\u00e9 dret a presentar una reclamaci\u00f3 davant l&#8217;Autoritat de Protecci\u00f3 de Dades.<\/p><h2>9. Dades de contacte<\/h2><p>Denise Wirth<br \/>\n        Paratge Masos Vilarnadal, 3<br \/>\n17762 Virarnadal, Girona<br \/>\n        Espanya<br \/>\n        Lloc web: <a href=\"https:\/\/burrotrek.com\/ca\/\">https:\/\/burrotrek.com\/ca\/<\/a> <br \/>\n        Correu electr\u00f2nic: <span class=\"cmplz-obfuscate\">&#105;&#110;fo@<span class=\"cmplz-fmail-domain\">&#101;x.&#099;&#111;m<\/span>bu&#114;&#114;ot&#114;ek.&#099;o&#109;<\/span> <br \/>\n        Tel\u00e8fon: +34 633 576 272<\/p><\/div>","protected":false},"excerpt":{"rendered":"","protected":false},"author":1,"featured_media":0,"parent":0,"menu_order":0,"comment_status":"closed","ping_status":"closed","template":"","meta":{"footnotes":""},"class_list":["post-2775","page","type-page","status-publish","hentry"],"meta_box":[],"_links":{"self":[{"href":"https:\/\/burrotrek.com\/ca\/wp-json\/wp\/v2\/pages\/2775","targetHints":{"allow":["GET"]}}],"collection":[{"href":"https:\/\/burrotrek.com\/ca\/wp-json\/wp\/v2\/pages"}],"about":[{"href":"https:\/\/burrotrek.com\/ca\/wp-json\/wp\/v2\/types\/page"}],"author":[{"embeddable":true,"href":"https:\/\/burrotrek.com\/ca\/wp-json\/wp\/v2\/users\/1"}],"replies":[{"embeddable":true,"href":"https:\/\/burrotrek.com\/ca\/wp-json\/wp\/v2\/comments?post=2775"}],"version-history":[{"count":0,"href":"https:\/\/burrotrek.com\/ca\/wp-json\/wp\/v2\/pages\/2775\/revisions"}],"wp:attachment":[{"href":"https:\/\/burrotrek.com\/ca\/wp-json\/wp\/v2\/media?parent=2775"}],"curies":[{"name":"wp","href":"https:\/\/api.w.org\/{rel}","templated":true}]}}