{"id":1961,"date":"2025-06-25T17:18:01","date_gmt":"2025-06-25T15:18:01","guid":{"rendered":"https:\/\/optimizarwordpress.net\/burrotrek\/der-katalanische-esel\/"},"modified":"2026-02-28T23:03:35","modified_gmt":"2026-02-28T22:03:35","slug":"der-katalanische-esel","status":"publish","type":"page","link":"https:\/\/burrotrek.com\/de\/der-katalanische-esel\/","title":{"rendered":"Der katalanische Esel"},"content":{"rendered":"\n<p><br\/>Der katalanische Esel gilt als das inoffizielle nationale Symbol Kataloniens, das mit dem massiven spanischen Stier konkurriert. In dem Stier sehen die Katalanen ein konzentriertes Symbol der spanischen Macht, w\u00e4hrend der Esel als friedliches, aber willensstarkes Symbol eher ihre eigene Gesinnung widerspiegelt. Er symbolisiert die angestrebte Unabh\u00e4ngigkeit der Katalanen und verk\u00f6rpert zwei parallele, urspr\u00fcngliche katalanische Eigenschaften: willensstark und ehrgeizig.  <\/p>\n\n<p>Im Jahr 2000 entwarf der Grafikdesigner Eloi-Allegre das urspr\u00fcngliche Symbol des katalanischen Esels. Im Jahr 2004 entwickelten Jaume Sala und \u00c0lex Ferreiro eine zweite, leicht ver\u00e4nderte Version. Der Esel ist allgegenw\u00e4rtig. Er prangt auf Autoaufklebern, ziert Badet\u00fccher, M\u00fctzen, T-Shirts oder Kaffeebecher.   <\/p>\n\n<p>In Wirklichkeit ist der katalanische Esel eine der \u00e4ltesten und gr\u00f6\u00dften Eselrassen. Er hat seine Urspr\u00fcnge hier in Katalonien und den Pyren\u00e4en. Fr\u00fcher geh\u00f6rten sie mit einer Herde von bis zu 50.000 Tieren zum Stra\u00dfenbild. Heute gibt es nur noch etwa 500 reinrassige Tiere. Der &#8220;Burro Catal\u00e0&#8221; oder &#8220;Ruc Catal\u00e0&#8221; erreicht eine Schulterh\u00f6he von bis zu 1,65 Metern. Er ist dunkelbraun und hat ein, f\u00fcr viele Esel typisches, wei\u00dfes Mehlmaul und einen wei\u00dfen Bauch.     <\/p>\n\n<figure class=\"wp-block-image size-full\"><img loading=\"lazy\" decoding=\"async\" width=\"618\" height=\"375\" src=\"https:\/\/burrotrek.com\/wp-content\/uploads\/2025\/06\/DSC06491-618x375-1.jpg\" alt=\"\" class=\"wp-image-1226\" srcset=\"https:\/\/burrotrek.com\/wp-content\/uploads\/2025\/06\/DSC06491-618x375-1.jpg 618w, https:\/\/burrotrek.com\/wp-content\/uploads\/2025\/06\/DSC06491-618x375-1-300x182.jpg 300w, https:\/\/burrotrek.com\/wp-content\/uploads\/2025\/06\/DSC06491-618x375-1-600x364.jpg 600w\" sizes=\"auto, (max-width: 618px) 100vw, 618px\" \/><\/figure>\n","protected":false},"excerpt":{"rendered":"<p>Der katalanische Esel gilt als das inoffizielle nationale Symbol Kataloniens, das mit dem massiven spanischen Stier konkurriert. In dem Stier sehen die Katalanen ein konzentriertes Symbol der spanischen Macht, w\u00e4hrend der Esel als friedliches, aber willensstarkes Symbol eher ihre eigene Gesinnung widerspiegelt. Er symbolisiert die angestrebte Unabh\u00e4ngigkeit der Katalanen und verk\u00f6rpert zwei parallele, urspr\u00fcngliche katalanische [&hellip;]<\/p>\n","protected":false},"author":1,"featured_media":0,"parent":0,"menu_order":0,"comment_status":"closed","ping_status":"closed","template":"","meta":{"footnotes":""},"class_list":["post-1961","page","type-page","status-publish","hentry"],"meta_box":[],"_links":{"self":[{"href":"https:\/\/burrotrek.com\/de\/wp-json\/wp\/v2\/pages\/1961","targetHints":{"allow":["GET"]}}],"collection":[{"href":"https:\/\/burrotrek.com\/de\/wp-json\/wp\/v2\/pages"}],"about":[{"href":"https:\/\/burrotrek.com\/de\/wp-json\/wp\/v2\/types\/page"}],"author":[{"embeddable":true,"href":"https:\/\/burrotrek.com\/de\/wp-json\/wp\/v2\/users\/1"}],"replies":[{"embeddable":true,"href":"https:\/\/burrotrek.com\/de\/wp-json\/wp\/v2\/comments?post=1961"}],"version-history":[{"count":1,"href":"https:\/\/burrotrek.com\/de\/wp-json\/wp\/v2\/pages\/1961\/revisions"}],"predecessor-version":[{"id":1962,"href":"https:\/\/burrotrek.com\/de\/wp-json\/wp\/v2\/pages\/1961\/revisions\/1962"}],"wp:attachment":[{"href":"https:\/\/burrotrek.com\/de\/wp-json\/wp\/v2\/media?parent=1961"}],"curies":[{"name":"wp","href":"https:\/\/api.w.org\/{rel}","templated":true}]}}