{"id":1964,"date":"2025-06-25T17:18:01","date_gmt":"2025-06-25T15:18:01","guid":{"rendered":"https:\/\/optimizarwordpress.net\/burrotrek\/el-burro-catalan\/"},"modified":"2026-02-28T23:04:21","modified_gmt":"2026-02-28T22:04:21","slug":"el-burro-catalan","status":"publish","type":"page","link":"https:\/\/burrotrek.com\/es\/el-burro-catalan\/","title":{"rendered":"El burro catal\u00e1n"},"content":{"rendered":"\n<p><br\/>El burro catal\u00e1n se considera el s\u00edmbolo nacional no oficial de Catalu\u00f1a, que compite con el enorme toro espa\u00f1ol. En el toro, los catalanes ven un s\u00edmbolo concentrado del poder de Espa\u00f1a, mientras que el burro, como s\u00edmbolo pac\u00edfico pero de fuerte voluntad, es m\u00e1s un reflejo de su propio talante. Simboliza la deseada independencia de los catalanes y encarna dos rasgos catalanes primigenios paralelos: la voluntad fuerte y la ambici\u00f3n.  <\/p>\n\n<p>En el a\u00f1o 2000, el dise\u00f1ador gr\u00e1fico Eloi-Allegre dise\u00f1\u00f3 el s\u00edmbolo original del burro catal\u00e1n. En 2004, Jaume Sala y \u00c0lex Ferreiro desarrollaron una segunda versi\u00f3n, ligeramente modificada. El burro es omnipresente. Aparece en pegatinas de coches, adorna toallas de ba\u00f1o, gorras, camisetas o tazas de caf\u00e9.   <\/p>\n\n<p>En realidad, el burro catal\u00e1n es una de las razas de burros m\u00e1s antiguas y de mayor tama\u00f1o. Tiene sus or\u00edgenes aqu\u00ed, en Catalu\u00f1a y los Pirineos. Antes formaban parte del paisaje de las calles, con una manada de hasta 50.000 animales. Hoy s\u00f3lo quedan unos 500 animales de pura raza. El \u00abBurro Catal\u00e0\u00bb o \u00abRuc Catal\u00e0\u00bb alcanza una altura de hombros de hasta 1,65 metros. Es de color marr\u00f3n oscuro y tiene una, para muchos burros t\u00edpica, boca de harina blanca y un vientre blanco.     <\/p>\n\n<figure class=\"wp-block-image size-full\"><img loading=\"lazy\" decoding=\"async\" width=\"618\" height=\"375\" src=\"https:\/\/burrotrek.com\/wp-content\/uploads\/2025\/06\/DSC06491-618x375-1.jpg\" alt=\"\" class=\"wp-image-1226\" srcset=\"https:\/\/burrotrek.com\/wp-content\/uploads\/2025\/06\/DSC06491-618x375-1.jpg 618w, https:\/\/burrotrek.com\/wp-content\/uploads\/2025\/06\/DSC06491-618x375-1-300x182.jpg 300w, https:\/\/burrotrek.com\/wp-content\/uploads\/2025\/06\/DSC06491-618x375-1-600x364.jpg 600w\" sizes=\"auto, (max-width: 618px) 100vw, 618px\" \/><\/figure>\n","protected":false},"excerpt":{"rendered":"<p>El burro catal\u00e1n se considera el s\u00edmbolo nacional no oficial de Catalu\u00f1a, que compite con el enorme toro espa\u00f1ol. En el toro, los catalanes ven un s\u00edmbolo concentrado del poder de Espa\u00f1a, mientras que el burro, como s\u00edmbolo pac\u00edfico pero de fuerte voluntad, es m\u00e1s un reflejo de su propio talante. Simboliza la deseada independencia [&hellip;]<\/p>\n","protected":false},"author":1,"featured_media":0,"parent":0,"menu_order":0,"comment_status":"closed","ping_status":"closed","template":"","meta":{"footnotes":""},"class_list":["post-1964","page","type-page","status-publish","hentry"],"meta_box":[],"_links":{"self":[{"href":"https:\/\/burrotrek.com\/es\/wp-json\/wp\/v2\/pages\/1964","targetHints":{"allow":["GET"]}}],"collection":[{"href":"https:\/\/burrotrek.com\/es\/wp-json\/wp\/v2\/pages"}],"about":[{"href":"https:\/\/burrotrek.com\/es\/wp-json\/wp\/v2\/types\/page"}],"author":[{"embeddable":true,"href":"https:\/\/burrotrek.com\/es\/wp-json\/wp\/v2\/users\/1"}],"replies":[{"embeddable":true,"href":"https:\/\/burrotrek.com\/es\/wp-json\/wp\/v2\/comments?post=1964"}],"version-history":[{"count":1,"href":"https:\/\/burrotrek.com\/es\/wp-json\/wp\/v2\/pages\/1964\/revisions"}],"predecessor-version":[{"id":1965,"href":"https:\/\/burrotrek.com\/es\/wp-json\/wp\/v2\/pages\/1964\/revisions\/1965"}],"wp:attachment":[{"href":"https:\/\/burrotrek.com\/es\/wp-json\/wp\/v2\/media?parent=1964"}],"curies":[{"name":"wp","href":"https:\/\/api.w.org\/{rel}","templated":true}]}}