{"id":1903,"date":"2025-05-19T16:09:03","date_gmt":"2025-05-19T14:09:03","guid":{"rendered":"https:\/\/optimizarwordpress.net\/burrotrek\/randonnee-a-dos-dane\/"},"modified":"2026-05-05T19:59:30","modified_gmt":"2026-05-05T17:59:30","slug":"randonnee-a-dos-dane","status":"publish","type":"page","link":"https:\/\/burrotrek.com\/fr\/randonnee-a-dos-dane\/","title":{"rendered":"Randonn\u00e9e \u00e0 dos d&#8217;\u00e2ne"},"content":{"rendered":"","protected":false},"excerpt":{"rendered":"","protected":false},"author":1,"featured_media":0,"parent":0,"menu_order":0,"comment_status":"closed","ping_status":"closed","template":"","meta":{"footnotes":""},"class_list":["post-1903","page","type-page","status-publish","hentry"],"meta_box":[],"_links":{"self":[{"href":"https:\/\/burrotrek.com\/fr\/wp-json\/wp\/v2\/pages\/1903","targetHints":{"allow":["GET"]}}],"collection":[{"href":"https:\/\/burrotrek.com\/fr\/wp-json\/wp\/v2\/pages"}],"about":[{"href":"https:\/\/burrotrek.com\/fr\/wp-json\/wp\/v2\/types\/page"}],"author":[{"embeddable":true,"href":"https:\/\/burrotrek.com\/fr\/wp-json\/wp\/v2\/users\/1"}],"replies":[{"embeddable":true,"href":"https:\/\/burrotrek.com\/fr\/wp-json\/wp\/v2\/comments?post=1903"}],"version-history":[{"count":1,"href":"https:\/\/burrotrek.com\/fr\/wp-json\/wp\/v2\/pages\/1903\/revisions"}],"predecessor-version":[{"id":2867,"href":"https:\/\/burrotrek.com\/fr\/wp-json\/wp\/v2\/pages\/1903\/revisions\/2867"}],"wp:attachment":[{"href":"https:\/\/burrotrek.com\/fr\/wp-json\/wp\/v2\/media?parent=1903"}],"curies":[{"name":"wp","href":"https:\/\/api.w.org\/{rel}","templated":true}]}}